{"id":9,"date":"2016-01-29T14:18:36","date_gmt":"2016-01-29T13:18:36","guid":{"rendered":"http:\/\/plaisance-consult.com\/?page_id=9"},"modified":"2018-01-08T16:06:04","modified_gmt":"2018-01-08T15:06:04","slug":"entretien","status":"publish","type":"page","link":"https:\/\/plaisance-consult.com\/index.php\/entretien\/","title":{"rendered":"Entretien"},"content":{"rendered":"<div id=\"pl-9\"  class=\"panel-layout\" ><div id=\"pg-9-0\"  class=\"panel-grid panel-has-style\" ><div class=\"siteorigin-panels-stretch panel-row-style panel-row-style-for-9-0\" data-stretch-type=\"full\" ><div id=\"pgc-9-0-0\"  class=\"panel-grid-cell\" ><div id=\"panel-9-0-0-0\" class=\"so-panel widget widget_black-studio-tinymce widget_black_studio_tinymce panel-first-child panel-last-child\" data-index=\"0\" ><div class=\"textwidget\"><p style=\"text-align: center;\"><span class=\"boat-staging-titre\"><span class=\"\" style=\"display:block;clear:both;height: 0px;padding-top: 20px;border-top-width:0px;border-bottom-width:0px;\"><\/span>ENTRETIEN<\/span><\/p>\n<p style=\"text-align: center;\"><span class=\"texte-photo-bandeau\">Gestion et entretien de votre patrimoine nautique<br \/><\/span><\/p>\n<\/div><\/div><\/div><\/div><\/div><div id=\"pg-9-1\"  class=\"panel-grid panel-has-style\" ><div class=\"siteorigin-panels-stretch panel-row-style panel-row-style-for-9-1\" data-stretch-type=\"full\" ><div id=\"pgc-9-1-0\"  class=\"panel-grid-cell\" ><div id=\"panel-9-1-0-0\" class=\"so-panel widget widget_black-studio-tinymce widget_black_studio_tinymce panel-first-child panel-last-child\" data-index=\"1\" ><div class=\"textwidget\"><p style=\"text-align: center;\"><span class=\"texte-photo-bandeau\"><span class=\"\" style=\"display:block;clear:both;height: 0px;padding-top: 50px;border-top-width:0px;border-bottom-width:0px;\"><\/span><\/span><\/p>\n<\/div><\/div><\/div><div id=\"pgc-9-1-1\"  class=\"panel-grid-cell\" ><div id=\"panel-9-1-1-0\" class=\"so-panel widget widget_black-studio-tinymce widget_black_studio_tinymce panel-first-child panel-last-child\" data-index=\"2\" ><div class=\"textwidget\"><p><span class=\"\" style=\"display:block;clear:both;height: 0px;padding-top: 400px;border-top-width:0px;border-bottom-width:0px;\"><\/span><\/p>\n<\/div><\/div><\/div><\/div><\/div><div id=\"pg-9-2\"  class=\"panel-grid panel-no-style\" ><div id=\"pgc-9-2-0\"  class=\"panel-grid-cell\" ><div id=\"panel-9-2-0-0\" class=\"so-panel widget widget_black-studio-tinymce widget_black_studio_tinymce panel-first-child panel-last-child\" data-index=\"3\" ><div class=\"textwidget\"><p style=\"text-align: center;\"><span class=\"texte-photo\">Entretien<br \/>\nGardiennage<br \/>\n<\/span><\/p>\n<\/div><\/div><\/div><div id=\"pgc-9-2-1\"  class=\"panel-grid-cell\" ><div id=\"panel-9-2-1-0\" class=\"so-panel widget widget_black-studio-tinymce widget_black_studio_tinymce panel-first-child panel-last-child\" data-index=\"4\" ><div class=\"textwidget\"><p><img loading=\"lazy\" decoding=\"async\" class=\"alignnone size-full wp-image-431\" src=\"http:\/\/plaisance-consult.com\/wp-content\/uploads\/2016\/01\/entretien.png\" alt=\"entretien\" width=\"1200\" height=\"800\" srcset=\"https:\/\/plaisance-consult.com\/wp-content\/uploads\/2016\/01\/entretien.png 1200w, https:\/\/plaisance-consult.com\/wp-content\/uploads\/2016\/01\/entretien-300x200.png 300w, https:\/\/plaisance-consult.com\/wp-content\/uploads\/2016\/01\/entretien-768x512.png 768w, https:\/\/plaisance-consult.com\/wp-content\/uploads\/2016\/01\/entretien-1024x683.png 1024w, https:\/\/plaisance-consult.com\/wp-content\/uploads\/2016\/01\/entretien-272x182.png 272w\" sizes=\"auto, (max-width: 1200px) 100vw, 1200px\" \/><\/p>\n<\/div><\/div><\/div><\/div><div id=\"pg-9-3\"  class=\"panel-grid panel-has-style\" ><div class=\"siteorigin-panels-stretch panel-row-style panel-row-style-for-9-3\" data-stretch-type=\"full\" ><div id=\"pgc-9-3-0\"  class=\"panel-grid-cell\" ><div id=\"panel-9-3-0-0\" class=\"so-panel widget widget_black-studio-tinymce widget_black_studio_tinymce panel-first-child panel-last-child\" data-index=\"5\" ><div class=\"textwidget\"><p><span class=\"\" style=\"display:block;clear:both;height: 0px;padding-top: 10px;border-top-width:0px;border-bottom-width:0px;\"><\/span><img loading=\"lazy\" decoding=\"async\" class=\"size-full wp-image-432\" src=\"http:\/\/plaisance-consult.com\/wp-content\/uploads\/2016\/01\/mast.jpg\" alt=\"OLYMPUS DIGITAL CAMERA\" width=\"1200\" height=\"800\" srcset=\"https:\/\/plaisance-consult.com\/wp-content\/uploads\/2016\/01\/mast.jpg 1200w, https:\/\/plaisance-consult.com\/wp-content\/uploads\/2016\/01\/mast-300x200.jpg 300w, https:\/\/plaisance-consult.com\/wp-content\/uploads\/2016\/01\/mast-768x512.jpg 768w, https:\/\/plaisance-consult.com\/wp-content\/uploads\/2016\/01\/mast-1024x683.jpg 1024w, https:\/\/plaisance-consult.com\/wp-content\/uploads\/2016\/01\/mast-272x182.jpg 272w\" sizes=\"auto, (max-width: 1200px) 100vw, 1200px\" \/><\/p>\n<\/div><\/div><\/div><div id=\"pgc-9-3-1\"  class=\"panel-grid-cell\" ><div id=\"panel-9-3-1-0\" class=\"so-panel widget widget_black-studio-tinymce widget_black_studio_tinymce panel-first-child panel-last-child\" data-index=\"6\" ><div class=\"textwidget\"><p style=\"text-align: center;\"><span class=\"texte-photo\">Hivernage<br \/>\nPr\u00e9paration avant saison<br \/>\n<\/span><\/p>\n<\/div><\/div><\/div><\/div><\/div><div id=\"pg-9-4\"  class=\"panel-grid panel-no-style\" ><div id=\"pgc-9-4-0\"  class=\"panel-grid-cell\" ><div id=\"panel-9-4-0-0\" class=\"so-panel widget widget_black-studio-tinymce widget_black_studio_tinymce panel-first-child panel-last-child\" data-index=\"7\" ><div class=\"textwidget\"><p><a href=\"http:\/\/plaisance-consult.com\/\" rel=\"attachment wp-att-176\"><img loading=\"lazy\" decoding=\"async\" class=\"size-full wp-image-176 alignleft\" src=\"http:\/\/plaisance-consult.com\/wp-content\/uploads\/2016\/01\/home-1.png\" alt=\"home\" width=\"33\" height=\"32\" \/><\/a><br \/>\n<span class=\"home-contact\">HOME<br \/>\n<\/span><\/p>\n<\/div><\/div><\/div><div id=\"pgc-9-4-1\"  class=\"panel-grid-cell\" ><div id=\"panel-9-4-1-0\" class=\"so-panel widget widget_black-studio-tinymce widget_black_studio_tinymce panel-first-child panel-last-child\" data-index=\"8\" ><div class=\"textwidget\"><p style=\"text-align: center;\"><span class=\"boat-staging-text\"><span class=\"\" style=\"display:block;clear:both;height: 0px;padding-top: 20px;border-top-width:0px;border-bottom-width:0px;\"><\/span><\/span><\/p>\n<p style=\"text-align: center;\"><span class=\"boat-staging-text\">(+33) 06.49.40.44.45<\/span><\/p>\n<\/div><\/div><\/div><div id=\"pgc-9-4-2\"  class=\"panel-grid-cell\" ><div id=\"panel-9-4-2-0\" class=\"so-panel widget widget_black-studio-tinymce widget_black_studio_tinymce panel-first-child panel-last-child\" data-index=\"9\" ><div class=\"textwidget\"><p style=\"text-align: center;\"><span class=\"boat-staging-text\"><span class=\"\" style=\"display:block;clear:both;height: 0px;padding-top: 20px;border-top-width:0px;border-bottom-width:0px;\"><\/span><\/span><\/p>\n<p style=\"text-align: center;\"><span class=\"boat-staging-text\">France - M\u00e9dit\u00e9rran\u00e9e<\/span><\/p>\n<\/div><\/div><\/div><div id=\"pgc-9-4-3\"  class=\"panel-grid-cell\" ><div id=\"panel-9-4-3-0\" class=\"so-panel widget widget_black-studio-tinymce widget_black_studio_tinymce panel-first-child panel-last-child\" data-index=\"10\" ><div class=\"textwidget\"><p style=\"text-align: right;\"><a href=\"http:\/\/plaisance-consult.com\/index.php\/contact\/\" rel=\"attachment wp-att-174\"><img loading=\"lazy\" decoding=\"async\" class=\"size-full wp-image-174 alignright\" src=\"http:\/\/plaisance-consult.com\/wp-content\/uploads\/2016\/01\/send-2.png\" alt=\"send\" width=\"33\" height=\"32\" \/><\/a><br \/>\n<span class=\"home-contact\">CONTACT<\/span><\/p>\n<\/div><\/div><\/div><\/div><\/div>","protected":false},"excerpt":{"rendered":"<p>ENTRETIENGestion et entretien de votre patrimoine nautique<\/p>\n","protected":false},"author":1,"featured_media":0,"parent":0,"menu_order":0,"comment_status":"closed","ping_status":"closed","template":"full-width-page.php","meta":{"footnotes":""},"class_list":["post-9","page","type-page","status-publish","hentry"],"_links":{"self":[{"href":"https:\/\/plaisance-consult.com\/index.php\/wp-json\/wp\/v2\/pages\/9","targetHints":{"allow":["GET"]}}],"collection":[{"href":"https:\/\/plaisance-consult.com\/index.php\/wp-json\/wp\/v2\/pages"}],"about":[{"href":"https:\/\/plaisance-consult.com\/index.php\/wp-json\/wp\/v2\/types\/page"}],"author":[{"embeddable":true,"href":"https:\/\/plaisance-consult.com\/index.php\/wp-json\/wp\/v2\/users\/1"}],"replies":[{"embeddable":true,"href":"https:\/\/plaisance-consult.com\/index.php\/wp-json\/wp\/v2\/comments?post=9"}],"version-history":[{"count":70,"href":"https:\/\/plaisance-consult.com\/index.php\/wp-json\/wp\/v2\/pages\/9\/revisions"}],"predecessor-version":[{"id":211,"href":"https:\/\/plaisance-consult.com\/index.php\/wp-json\/wp\/v2\/pages\/9\/revisions\/211"}],"wp:attachment":[{"href":"https:\/\/plaisance-consult.com\/index.php\/wp-json\/wp\/v2\/media?parent=9"}],"curies":[{"name":"wp","href":"https:\/\/api.w.org\/{rel}","templated":true}]}}