{"id":764,"date":"2019-08-07T10:20:05","date_gmt":"2019-08-07T09:20:05","guid":{"rendered":"http:\/\/plaisance-consult.com\/?page_id=764"},"modified":"2020-05-04T15:01:38","modified_gmt":"2020-05-04T14:01:38","slug":"764-2","status":"publish","type":"page","link":"https:\/\/plaisance-consult.com\/index.php\/764-2\/","title":{"rendered":""},"content":{"rendered":"<div id=\"pl-764\"  class=\"panel-layout\" ><div id=\"pg-764-0\"  class=\"panel-grid panel-has-style\" ><div class=\"siteorigin-panels-stretch panel-row-style panel-row-style-for-764-0\" data-stretch-type=\"full-stretched\" ><div id=\"pgc-764-0-0\"  class=\"panel-grid-cell\" ><div id=\"panel-764-0-0-0\" class=\"so-panel widget widget_black-studio-tinymce widget_black_studio_tinymce panel-first-child panel-last-child\" data-index=\"0\" ><div class=\"panel-widget-style panel-widget-style-for-764-0-0-0\" ><div class=\"textwidget\"><p style=\"text-align: center;\"><a class=\"button primary-button\" href=\"http:\/\/plaisance-consult.com\/\">\u00a9Plaisance Consult<\/a><\/p>\n<p><span class=\"\" style=\"display:block;clear:both;height: 0px;padding-top: 100px;border-top-width:0px;border-bottom-width:0px;\"><\/span><\/p>\n<p style=\"text-align: center;\"><span class=\"capitaine\">Capitaine ind\u00e9pendant<\/span><\/p>\n<p><span class=\"\" style=\"display:block;clear:both;height: 0px;padding-top: 125px;border-top-width:0px;border-bottom-width:0px;\"><\/span><\/p>\n<p style=\"text-align: center;\"><span class=\"capitaine\">Voile &amp; Moteur<\/span><\/p>\n<p><span class=\"\" style=\"display:block;clear:both;height: 0px;padding-top: 200px;border-top-width:0px;border-bottom-width:0px;\"><\/span><\/p>\n<\/div><\/div><\/div><\/div><\/div><\/div><div id=\"pg-764-1\"  class=\"panel-grid panel-has-style\" ><div class=\"siteorigin-panels-stretch panel-row-style panel-row-style-for-764-1\" data-stretch-type=\"full-stretched\" ><div id=\"pgc-764-1-0\"  class=\"panel-grid-cell\" ><div id=\"panel-764-1-0-0\" class=\"so-panel widget widget_black-studio-tinymce widget_black_studio_tinymce panel-first-child panel-last-child\" data-index=\"1\" ><div class=\"textwidget\"><p style=\"text-align: center;\"><span class=\"\" style=\"display:block;clear:both;height: 0px;padding-top: 30px;border-top-width:0px;border-bottom-width:0px;\"><\/span><\/p>\n<p style=\"text-align: center;\"><img loading=\"lazy\" decoding=\"async\" class=\"alignnone wp-image-506\" src=\"http:\/\/plaisance-consult.com\/wp-content\/uploads\/2016\/01\/earth2.png\" alt=\"earth2\" width=\"110\" height=\"110\" srcset=\"https:\/\/plaisance-consult.com\/wp-content\/uploads\/2016\/01\/earth2.png 255w, https:\/\/plaisance-consult.com\/wp-content\/uploads\/2016\/01\/earth2-150x150.png 150w\" sizes=\"auto, (max-width: 110px) 100vw, 110px\" \/><\/p>\n<h2 style=\"text-align: center;\"><span style=\"color: #00a7ff;\"><strong>CROISIERE<\/strong><\/span><\/h2>\n<p style=\"text-align: center;\">\u00a0<\/p>\n<p style=\"text-align: center;\"><strong>Propri\u00e9taire ou locataire<\/strong><\/p>\n<p style=\"text-align: center;\">Vous d\u00e9sirez l'accompagnement d'un professionnel pour:<\/p>\n<p style=\"text-align: center;\">* Vous consacrer pleinement \u00e0 votre famille et amis \u00e0 bord.<\/p>\n<p style=\"text-align: center;\">* Profiter de la zone de navigation que vous voulez d\u00e9couvrir.<\/p>\n<p style=\"text-align: center;\">* Mener votre sortie ou croisi\u00e8re en totale s\u00e9curit\u00e9.<\/p>\n<p style=\"text-align: center;\">* Progresser dans la conduite de votre navire.<\/p>\n<p style=\"text-align: center;\">* Organiser votre prochain voyage, en vous appuyant sur l'expertise d'un<\/p>\n<p style=\"text-align: center;\">skipper professionnel, dans le choix du bateau et des destinations.<\/p>\n<p>\u00a0<\/p>\n<\/div><\/div><\/div><div id=\"pgc-764-1-1\"  class=\"panel-grid-cell\" ><div id=\"panel-764-1-1-0\" class=\"so-panel widget widget_black-studio-tinymce widget_black_studio_tinymce panel-first-child panel-last-child\" data-index=\"2\" ><div class=\"textwidget\"><p style=\"text-align: center;\"><span class=\"\" style=\"display:block;clear:both;height: 0px;padding-top: 30px;border-top-width:0px;border-bottom-width:0px;\"><\/span><\/p>\n<p style=\"text-align: center;\"><img loading=\"lazy\" decoding=\"async\" class=\"alignnone wp-image-508\" src=\"http:\/\/plaisance-consult.com\/wp-content\/uploads\/2016\/01\/earth1.png\" alt=\"earth1\" width=\"106\" height=\"110\" \/><\/p>\n<h2 style=\"text-align: center;\"><strong><span style=\"color: #00a7ff;\">CONVOYAGE<\/span><br \/> <\/strong><\/h2>\n<p>\u00a0<\/p>\n<p style=\"text-align: center;\"><strong>Propri\u00e9taire ou professionnel du nautisme<\/strong><\/p>\n<p style=\"text-align: center;\">Vous d\u00e9sirez convoyer votre navire pour:<\/p>\n<p style=\"text-align: center;\">* Une mise \u00e0 disposition sur mesure.<\/p>\n<p style=\"text-align: center;\">* Optimiser votre croisi\u00e8re en la d\u00e9butant sur le lieu de votre choix.<\/p>\n<p style=\"text-align: center;\">* Armer, ou d\u00e9sarmer le bateau de son site d'hivernage, \u00e0 sa place de port estivale.<\/p>\n<p style=\"text-align: center;\">* Une livraison adapt\u00e9e \u00e0 votre client, avec possibilit\u00e9 de prise en mains.<\/p>\n<p>\u00a0<\/p>\n<p>\u00a0<\/p>\n<\/div><\/div><\/div><div id=\"pgc-764-1-2\"  class=\"panel-grid-cell\" ><div id=\"panel-764-1-2-0\" class=\"so-panel widget widget_black-studio-tinymce widget_black_studio_tinymce panel-first-child panel-last-child\" data-index=\"3\" ><div class=\"textwidget\"><p><img loading=\"lazy\" decoding=\"async\" class=\"alignnone  wp-image-507 aligncenter\" src=\"http:\/\/plaisance-consult.com\/wp-content\/uploads\/2016\/01\/logohomme.png\" alt=\"logohomme\" width=\"110\" height=\"110\" srcset=\"https:\/\/plaisance-consult.com\/wp-content\/uploads\/2016\/01\/logohomme.png 212w, https:\/\/plaisance-consult.com\/wp-content\/uploads\/2016\/01\/logohomme-150x150.png 150w\" sizes=\"auto, (max-width: 110px) 100vw, 110px\" \/><\/p>\n<h2 style=\"text-align: center;\"><strong><span style=\"color: #00a7ff;\">VOTRE SKIPPER<\/span><br \/>\n<\/strong><\/h2>\n<p>&nbsp;<\/p>\n<p style=\"text-align: center;\"><strong>Vincent Lyoen<\/strong><\/p>\n<p style=\"text-align: center;\">Skipper professionnel titulaire des brevets Capitaine 500 UMS et 200 Voile,<\/p>\n<p style=\"text-align: center;\">r\u00e9pondant aux standards internationaux de la marine marchande.<\/p>\n<p style=\"text-align: center;\">Entreprise individuelle l\u00e9gale de prestation de service maritime.<\/p>\n<p style=\"text-align: center;\">Couvert par une assurance Responsabilit\u00e9 Civile PROfessionnel.<\/p>\n<p><img loading=\"lazy\" decoding=\"async\" class=\"aligncenter size-full wp-image-878\" src=\"http:\/\/plaisance-consult.com\/wp-content\/uploads\/2019\/08\/vinc.jpg\" alt=\"vinc\" width=\"138\" height=\"192\" srcset=\"https:\/\/plaisance-consult.com\/wp-content\/uploads\/2019\/08\/vinc.jpg 276w, https:\/\/plaisance-consult.com\/wp-content\/uploads\/2019\/08\/vinc-216x300.jpg 216w\" sizes=\"auto, (max-width: 138px) 100vw, 138px\" \/><\/p>\n<\/div><\/div><\/div><\/div><\/div><div id=\"pg-764-2\"  class=\"panel-grid panel-has-style\" ><div class=\"siteorigin-panels-stretch panel-row-style panel-row-style-for-764-2\" data-stretch-type=\"full-stretched\" ><div id=\"pgc-764-2-0\"  class=\"panel-grid-cell\" ><div id=\"panel-764-2-0-0\" class=\"so-panel widget widget_black-studio-tinymce widget_black_studio_tinymce panel-first-child panel-last-child\" data-index=\"4\" ><div class=\"textwidget\"><p style=\"text-align: center;\"><a class=\"button primary-button\" href=\"http:\/\/plaisance-consult.com\/index.php\/conditions-generale-de-vente\/\">D\u00e9tail<\/a><\/p>\n<\/div><\/div><\/div><div id=\"pgc-764-2-1\"  class=\"panel-grid-cell\" ><div id=\"panel-764-2-1-0\" class=\"so-panel widget widget_black-studio-tinymce widget_black_studio_tinymce panel-first-child panel-last-child\" data-index=\"5\" ><div class=\"textwidget\"><p style=\"text-align: center;\"><a class=\"button primary-button\" href=\"http:\/\/plaisance-consult.com\/index.php\/conditions-generales-convoyage\/\">D\u00e9tail<\/a><\/p>\n<\/div><\/div><\/div><div id=\"pgc-764-2-2\"  class=\"panel-grid-cell\" ><div id=\"panel-764-2-2-0\" class=\"so-panel widget widget_black-studio-tinymce widget_black_studio_tinymce panel-first-child panel-last-child\" data-index=\"6\" ><div class=\"textwidget\"><p style=\"text-align: center;\"><a class=\"button primary-button\" href=\"http:\/\/plaisance-consult.com\/index.php\/conditions-generale-de-vente\/\">D\u00e9tail<\/a><\/p>\n<\/div><\/div><\/div><\/div><\/div><div id=\"pg-764-3\"  class=\"panel-grid panel-has-style\" ><div class=\"siteorigin-panels-stretch panel-row-style panel-row-style-for-764-3\" data-stretch-type=\"full-stretched\" ><div id=\"pgc-764-3-0\"  class=\"panel-grid-cell\" ><div id=\"panel-764-3-0-0\" class=\"so-panel widget widget_black-studio-tinymce widget_black_studio_tinymce panel-first-child panel-last-child\" data-index=\"7\" ><div class=\"textwidget\"><p><a href=\"http:\/\/plaisance-consult.com\/\" rel=\"attachment wp-att-176\"><img loading=\"lazy\" decoding=\"async\" class=\"size-full wp-image-176 alignleft\" src=\"http:\/\/plaisance-consult.com\/wp-content\/uploads\/2016\/01\/home-1.png\" alt=\"home\" width=\"33\" height=\"32\" \/><\/a><br \/>\n<span class=\"home-contact\">HOME<br \/>\n<\/span><\/p>\n<\/div><\/div><\/div><div id=\"pgc-764-3-1\"  class=\"panel-grid-cell\" ><div id=\"panel-764-3-1-0\" class=\"so-panel widget widget_black-studio-tinymce widget_black_studio_tinymce panel-first-child panel-last-child\" data-index=\"8\" ><div class=\"textwidget\"><p style=\"text-align: center;\"><span class=\"boat-staging-text\"><span class=\"\" style=\"display:block;clear:both;height: 0px;padding-top: 20px;border-top-width:0px;border-bottom-width:0px;\"><\/span><\/span><\/p>\n<p style=\"text-align: center;\"><span class=\"boat-staging-text\">Entreprise individuelle - SIRET 505 275 362 00034- contact@plaisance-consult.com - (+33) 06.49.40.44.45<\/span><\/p>\n<\/div><\/div><\/div><div id=\"pgc-764-3-2\"  class=\"panel-grid-cell\" ><div id=\"panel-764-3-2-0\" class=\"so-panel widget widget_black-studio-tinymce widget_black_studio_tinymce panel-first-child panel-last-child\" data-index=\"9\" ><div class=\"textwidget\"><p style=\"text-align: right;\"><a href=\"http:\/\/plaisance-consult.com\/index.php\/contact\/\" rel=\"attachment wp-att-174\"><img loading=\"lazy\" decoding=\"async\" class=\"size-full wp-image-174 alignright\" src=\"http:\/\/plaisance-consult.com\/wp-content\/uploads\/2016\/01\/send-2.png\" alt=\"send\" width=\"33\" height=\"32\" \/><\/a><br \/>\n<span class=\"home-contact\">CONTACT<\/span><\/p>\n<\/div><\/div><\/div><\/div><\/div><\/div>","protected":false},"excerpt":{"rendered":"<p>\u00a9Plaisance Consult Capitaine ind\u00e9pendant Voile &amp; Moteur CROISIERE\u00a0Propri\u00e9taire ou locataireVous d\u00e9sirez l&rsquo;accompagnement d&rsquo;un professionnel pour:* Vous consacrer pleinement \u00e0 votre famille et amis \u00e0 bord.* Profiter de la zone de navigation que vous voulez d\u00e9couvrir.* Mener votre sortie ou croisi\u00e8re en totale s\u00e9curit\u00e9.* Progresser dans la conduite de votre navire.* Organiser votre prochain voyage, en&#8230;<\/p>\n","protected":false},"author":1,"featured_media":0,"parent":0,"menu_order":0,"comment_status":"closed","ping_status":"closed","template":"","meta":{"footnotes":""},"class_list":["post-764","page","type-page","status-publish","hentry"],"_links":{"self":[{"href":"https:\/\/plaisance-consult.com\/index.php\/wp-json\/wp\/v2\/pages\/764","targetHints":{"allow":["GET"]}}],"collection":[{"href":"https:\/\/plaisance-consult.com\/index.php\/wp-json\/wp\/v2\/pages"}],"about":[{"href":"https:\/\/plaisance-consult.com\/index.php\/wp-json\/wp\/v2\/types\/page"}],"author":[{"embeddable":true,"href":"https:\/\/plaisance-consult.com\/index.php\/wp-json\/wp\/v2\/users\/1"}],"replies":[{"embeddable":true,"href":"https:\/\/plaisance-consult.com\/index.php\/wp-json\/wp\/v2\/comments?post=764"}],"version-history":[{"count":95,"href":"https:\/\/plaisance-consult.com\/index.php\/wp-json\/wp\/v2\/pages\/764\/revisions"}],"predecessor-version":[{"id":972,"href":"https:\/\/plaisance-consult.com\/index.php\/wp-json\/wp\/v2\/pages\/764\/revisions\/972"}],"wp:attachment":[{"href":"https:\/\/plaisance-consult.com\/index.php\/wp-json\/wp\/v2\/media?parent=764"}],"curies":[{"name":"wp","href":"https:\/\/api.w.org\/{rel}","templated":true}]}}