{"id":5,"date":"2016-01-29T14:17:52","date_gmt":"2016-01-29T13:17:52","guid":{"rendered":"http:\/\/plaisance-consult.com\/?page_id=5"},"modified":"2020-06-03T09:08:36","modified_gmt":"2020-06-03T08:08:36","slug":"acceuil","status":"publish","type":"page","link":"https:\/\/plaisance-consult.com\/","title":{"rendered":"Acceuil"},"content":{"rendered":"<div id=\"pl-5\"  class=\"panel-layout\" ><div id=\"pg-5-0\"  class=\"panel-grid panel-has-style\" ><div class=\"siteorigin-panels-stretch panel-row-style panel-row-style-for-5-0\" data-stretch-type=\"full\" ><div id=\"pgc-5-0-0\"  class=\"panel-grid-cell\" ><div id=\"panel-5-0-0-0\" class=\"so-panel widget widget_black-studio-tinymce widget_black_studio_tinymce panel-first-child panel-last-child\" data-index=\"0\" ><div class=\"textwidget\"><p style=\"text-align: center;\"><span class=\"plaisance-consult\">\u00a9Plaisance Consult<\/span><\/p>\n<p style=\"text-align: center;\"><a class=\"button primary-button\" href=\"http:\/\/plaisance-consult.com\/index.php\/764-2\/\">Capitaine ind\u00e9pendant<\/a><\/p>\n<p><span class=\"\" style=\"display:block;clear:both;height: 0px;padding-top: 30px;border-top-width:0px;border-bottom-width:0px;\"><\/span><\/p>\n<p>\u00a0<\/p>\n<p style=\"text-align: center;\"><span class=\"accueil-titre\">NAVIGUEZ<\/span><br \/> <span class=\"accueil-sous-titre\">On s'occupe du reste<\/span><br \/> <a class=\"button primary-button\" href=\"http:\/\/plaisance-consult.com\/index.php\/conseil\/\">Conseil<\/a> <a class=\"button primary-button\" href=\"http:\/\/plaisance-consult.com\/index.php\/boat-staging\/\">Boat Staging<\/a> <a class=\"button primary-button\" href=\"http:\/\/plaisance-consult.com\/index.php\/entretien\/\">Entretien<\/a>\u00a0<a class=\"button primary-button\" href=\"http:\/\/plaisance-consult.com\/index.php\/764-2\/\">Skipper<\/a><br \/> <span class=\"\" style=\"display:block;clear:both;height: 0px;padding-top: 230px;border-top-width:0px;border-bottom-width:0px;\"><\/span><\/p>\n<\/div><\/div><\/div><\/div><\/div><div id=\"pg-5-1\"  class=\"panel-grid panel-no-style\" ><div id=\"pgc-5-1-0\"  class=\"panel-grid-cell\" ><div id=\"panel-5-1-0-0\" class=\"so-panel widget widget_black-studio-tinymce widget_black_studio_tinymce panel-first-child panel-last-child\" data-index=\"1\" ><div class=\"textwidget\"><p style=\"text-align: center;\"><span class=\"entretien\">GESTION ET ENTRETIEN\u00a0 DE VOILIERS ET BATEAUX A MOTEURS<\/span><\/p>\n<\/div><\/div><\/div><\/div><div id=\"pg-5-2\"  class=\"panel-grid panel-no-style\" ><div id=\"pgc-5-2-0\"  class=\"panel-grid-cell\" ><div id=\"panel-5-2-0-0\" class=\"so-panel widget widget_black-studio-tinymce widget_black_studio_tinymce panel-first-child panel-last-child\" data-index=\"2\" ><div class=\"textwidget\"><p><img loading=\"lazy\" decoding=\"async\" class=\"alignnone  wp-image-507 aligncenter\" src=\"http:\/\/plaisance-consult.com\/wp-content\/uploads\/2016\/01\/logohomme.png\" alt=\"logohomme\" width=\"110\" height=\"110\" srcset=\"https:\/\/plaisance-consult.com\/wp-content\/uploads\/2016\/01\/logohomme.png 212w, https:\/\/plaisance-consult.com\/wp-content\/uploads\/2016\/01\/logohomme-150x150.png 150w\" sizes=\"auto, (max-width: 110px) 100vw, 110px\" \/><\/p>\n<h2 style=\"text-align: center;\"><strong><span style=\"color: #00a7ff;\">PROJET<\/span><br \/>\n<\/strong><\/h2>\n<p>&nbsp;<\/p>\n<p style=\"text-align: center;\">Un bateau pour un programme.<\/p>\n<p style=\"text-align: center;\">Je vous accompagne dans l'achat et la vente de votre voilier ou bateau \u00e0 moteur.<\/p>\n<p style=\"text-align: center;\">Vous profitez ainsi de 30 ans d\u2019exp\u00e9rience sur la plupart des oc\u00e9ans.<\/p>\n<\/div><\/div><\/div><div id=\"pgc-5-2-1\"  class=\"panel-grid-cell\" ><div id=\"panel-5-2-1-0\" class=\"so-panel widget widget_black-studio-tinymce widget_black_studio_tinymce panel-first-child panel-last-child\" data-index=\"3\" ><div class=\"textwidget\"><p style=\"text-align: center;\"><span class=\"\" style=\"display:block;clear:both;height: 0px;padding-top: 30px;border-top-width:0px;border-bottom-width:0px;\"><\/span><\/p>\n<p style=\"text-align: center;\"><img loading=\"lazy\" decoding=\"async\" class=\"alignnone  wp-image-506\" src=\"http:\/\/plaisance-consult.com\/wp-content\/uploads\/2016\/01\/earth2.png\" alt=\"earth2\" width=\"110\" height=\"110\" srcset=\"https:\/\/plaisance-consult.com\/wp-content\/uploads\/2016\/01\/earth2.png 255w, https:\/\/plaisance-consult.com\/wp-content\/uploads\/2016\/01\/earth2-150x150.png 150w\" sizes=\"auto, (max-width: 110px) 100vw, 110px\" \/><\/p>\n<h2 style=\"text-align: center;\"><span style=\"color: #00a7ff;\"><strong>NAVIGATION<\/strong><\/span><\/h2>\n<p>&nbsp;<\/p>\n<p style=\"text-align: center;\">Je vous propose un accompagnement<\/p>\n<p style=\"text-align: center;\">personnalis\u00e9 en mer, pour vos premiers bords ou vos croisi\u00e8res. Menez \u00e0 bien le projet que vous vous \u00eates fix\u00e9 gr\u00e2ce \u00e0 un savoir faire professionnel<\/p>\n<p style=\"text-align: center;\">sur-mesure.<\/p>\n<\/div><\/div><\/div><div id=\"pgc-5-2-2\"  class=\"panel-grid-cell\" ><div id=\"panel-5-2-2-0\" class=\"so-panel widget widget_black-studio-tinymce widget_black_studio_tinymce panel-first-child panel-last-child\" data-index=\"4\" ><div class=\"textwidget\"><p style=\"text-align: center;\"><span class=\"\" style=\"display:block;clear:both;height: 0px;padding-top: 30px;border-top-width:0px;border-bottom-width:0px;\"><\/span><\/p>\n<p style=\"text-align: center;\"><img loading=\"lazy\" decoding=\"async\" class=\"alignnone  wp-image-508\" src=\"http:\/\/plaisance-consult.com\/wp-content\/uploads\/2016\/01\/earth1.png\" alt=\"earth1\" width=\"106\" height=\"110\" \/><\/p>\n<h2 style=\"text-align: center;\"><strong><span style=\"color: #00a7ff;\">TECHNIQUE<\/span><br \/>\n<\/strong><\/h2>\n<p>&nbsp;<\/p>\n<p style=\"text-align: center;\">Pour que vous disposiez d'un voilier ou<\/p>\n<p style=\"text-align: center;\">bateau \u00e0 moteur en parfait \u00e9tat \u00e0 tout<\/p>\n<p style=\"text-align: center;\">moment, j'assure le gardiennage et le suivi de chantier de votre bateau.<\/p>\n<\/div><\/div><\/div><\/div><div id=\"pg-5-3\"  class=\"panel-grid panel-has-style\" ><div class=\"siteorigin-panels-stretch panel-row-style panel-row-style-for-5-3\" data-stretch-type=\"full\" ><div id=\"pgc-5-3-0\"  class=\"panel-grid-cell\" ><div id=\"panel-5-3-0-0\" class=\"so-panel widget widget_black-studio-tinymce widget_black_studio_tinymce panel-first-child panel-last-child\" data-index=\"5\" ><div class=\"textwidget\"><p><a href=\"http:\/\/plaisance-consult.com\/\" rel=\"attachment wp-att-176\"><img loading=\"lazy\" decoding=\"async\" class=\"size-full wp-image-176 alignleft\" src=\"http:\/\/plaisance-consult.com\/wp-content\/uploads\/2016\/01\/home-1.png\" alt=\"home\" width=\"33\" height=\"32\" \/><\/a><br \/>\n<span class=\"home-contact\">HOME<br \/>\n<\/span><\/p>\n<\/div><\/div><\/div><div id=\"pgc-5-3-1\"  class=\"panel-grid-cell\" ><div id=\"panel-5-3-1-0\" class=\"so-panel widget widget_black-studio-tinymce widget_black_studio_tinymce panel-first-child panel-last-child\" data-index=\"6\" ><div class=\"textwidget\"><p style=\"text-align: center;\"><span class=\"boat-staging-text\"><span class=\"\" style=\"display:block;clear:both;height: 0px;padding-top: 20px;border-top-width:0px;border-bottom-width:0px;\"><\/span><\/span><\/p>\n<p style=\"text-align: center;\"><span class=\"boat-staging-text\">SIRET 505 275 362 00034 - contact@plaisance-consult.com - (+33) 06.49.40.44.45<\/span><\/p>\n<\/div><\/div><\/div><div id=\"pgc-5-3-2\"  class=\"panel-grid-cell\" ><div id=\"panel-5-3-2-0\" class=\"so-panel widget widget_black-studio-tinymce widget_black_studio_tinymce panel-first-child panel-last-child\" data-index=\"7\" ><div class=\"textwidget\"><p style=\"text-align: right;\"><a href=\"http:\/\/plaisance-consult.com\/index.php\/contact\/\" rel=\"attachment wp-att-174\"><img loading=\"lazy\" decoding=\"async\" class=\"size-full wp-image-174 alignright\" src=\"http:\/\/plaisance-consult.com\/wp-content\/uploads\/2016\/01\/send-2.png\" alt=\"send\" width=\"33\" height=\"32\" \/><\/a><br \/>\n<span class=\"home-contact\">CONTACT<\/span><\/p>\n<\/div><\/div><\/div><\/div><\/div><\/div>","protected":false},"excerpt":{"rendered":"<p>\u00a9Plaisance ConsultCapitaine ind\u00e9pendant\u00a0NAVIGUEZ On s&rsquo;occupe du reste Conseil Boat Staging Entretien\u00a0Skipper GESTION ET ENTRETIEN\u00a0 DE VOILIERS ET BATEAUX A MOTEURS<\/p>\n","protected":false},"author":1,"featured_media":0,"parent":0,"menu_order":0,"comment_status":"closed","ping_status":"closed","template":"full-width-page.php","meta":{"footnotes":""},"class_list":["post-5","page","type-page","status-publish","hentry"],"_links":{"self":[{"href":"https:\/\/plaisance-consult.com\/index.php\/wp-json\/wp\/v2\/pages\/5","targetHints":{"allow":["GET"]}}],"collection":[{"href":"https:\/\/plaisance-consult.com\/index.php\/wp-json\/wp\/v2\/pages"}],"about":[{"href":"https:\/\/plaisance-consult.com\/index.php\/wp-json\/wp\/v2\/types\/page"}],"author":[{"embeddable":true,"href":"https:\/\/plaisance-consult.com\/index.php\/wp-json\/wp\/v2\/users\/1"}],"replies":[{"embeddable":true,"href":"https:\/\/plaisance-consult.com\/index.php\/wp-json\/wp\/v2\/comments?post=5"}],"version-history":[{"count":189,"href":"https:\/\/plaisance-consult.com\/index.php\/wp-json\/wp\/v2\/pages\/5\/revisions"}],"predecessor-version":[{"id":976,"href":"https:\/\/plaisance-consult.com\/index.php\/wp-json\/wp\/v2\/pages\/5\/revisions\/976"}],"wp:attachment":[{"href":"https:\/\/plaisance-consult.com\/index.php\/wp-json\/wp\/v2\/media?parent=5"}],"curies":[{"name":"wp","href":"https:\/\/api.w.org\/{rel}","templated":true}]}}