{"id":15,"date":"2016-01-29T14:19:23","date_gmt":"2016-01-29T13:19:23","guid":{"rendered":"http:\/\/plaisance-consult.com\/?page_id=15"},"modified":"2020-05-04T14:59:19","modified_gmt":"2020-05-04T13:59:19","slug":"contact","status":"publish","type":"page","link":"https:\/\/plaisance-consult.com\/index.php\/contact\/","title":{"rendered":"Contact"},"content":{"rendered":"<div id=\"pl-15\"  class=\"panel-layout\" ><div id=\"pg-15-0\"  class=\"panel-grid panel-no-style\" ><div id=\"pgc-15-0-0\"  class=\"panel-grid-cell\" ><div id=\"panel-15-0-0-0\" class=\"so-panel widget widget_black-studio-tinymce widget_black_studio_tinymce panel-first-child panel-last-child\" data-index=\"0\" ><div class=\"textwidget\"><p><a href=\"http:\/\/plaisance-consult.com\/index.php\/contact\/\" rel=\"attachment wp-att-207\"><span class=\"\" style=\"display:block;clear:both;height: 0px;padding-top: 30px;border-top-width:0px;border-bottom-width:0px;\"><\/span><\/a><\/p>\n<p><figure id=\"attachment_623\" aria-describedby=\"caption-attachment-623\" style=\"width: 328px\" class=\"wp-caption aligncenter\"><img loading=\"lazy\" decoding=\"async\" class=\"size-full wp-image-623\" src=\"http:\/\/plaisance-consult.com\/wp-content\/uploads\/2016\/02\/logoBlue-1.png\" alt=\"Plaisance Consult\" width=\"328\" height=\"265\" srcset=\"https:\/\/plaisance-consult.com\/wp-content\/uploads\/2016\/02\/logoBlue-1.png 328w, https:\/\/plaisance-consult.com\/wp-content\/uploads\/2016\/02\/logoBlue-1-300x242.png 300w\" sizes=\"auto, (max-width: 328px) 100vw, 328px\" \/><figcaption id=\"caption-attachment-623\" class=\"wp-caption-text\">\u00a9Plaisance Consult<\/figcaption><\/figure><\/p>\n<p>\u00a0<\/p>\n<\/div><\/div><\/div><div id=\"pgc-15-0-1\"  class=\"panel-grid-cell\" ><div id=\"panel-15-0-1-0\" class=\"so-panel widget widget_black-studio-tinymce widget_black_studio_tinymce panel-first-child panel-last-child\" data-index=\"1\" ><div class=\"textwidget\"><p>[contact-form-7 id=\"4\" title=\"Formulaire de contact 1\"]<\/p>\n<\/div><\/div><\/div><\/div><div id=\"pg-15-1\"  class=\"panel-grid panel-no-style\" ><div id=\"pgc-15-1-0\"  class=\"panel-grid-cell\" ><div id=\"panel-15-1-0-0\" class=\"so-panel widget widget_black-studio-tinymce widget_black_studio_tinymce panel-first-child panel-last-child\" data-index=\"2\" ><div class=\"textwidget\"><p><a href=\"http:\/\/plaisance-consult.com\/\" rel=\"attachment wp-att-176\"><img loading=\"lazy\" decoding=\"async\" class=\"size-full wp-image-176 alignleft\" src=\"http:\/\/plaisance-consult.com\/wp-content\/uploads\/2016\/01\/home-1.png\" alt=\"home\" width=\"33\" height=\"32\" \/><\/a><br \/>\n<span class=\"home-contact\">HOME<br \/>\n<\/span><\/p>\n<\/div><\/div><\/div><div id=\"pgc-15-1-1\"  class=\"panel-grid-cell\" ><div id=\"panel-15-1-1-0\" class=\"so-panel widget widget_black-studio-tinymce widget_black_studio_tinymce panel-first-child panel-last-child\" data-index=\"3\" ><div class=\"textwidget\"><p style=\"text-align: center;\"><span class=\"boat-staging-text\"><span class=\"\" style=\"display:block;clear:both;height: 0px;padding-top: 20px;border-top-width:0px;border-bottom-width:0px;\"><\/span><\/span><\/p>\n<p style=\"text-align: center;\"><span class=\"boat-staging-text\">(+33) 06.49.40.44.45<\/span><\/p>\n<\/div><\/div><\/div><div id=\"pgc-15-1-2\"  class=\"panel-grid-cell\" ><div id=\"panel-15-1-2-0\" class=\"so-panel widget widget_black-studio-tinymce widget_black_studio_tinymce panel-first-child panel-last-child\" data-index=\"4\" ><div class=\"textwidget\"><p style=\"text-align: center;\"><span class=\"boat-staging-text\"><span class=\"\" style=\"display:block;clear:both;height: 0px;padding-top: 20px;border-top-width:0px;border-bottom-width:0px;\"><\/span><\/span><\/p>\n<p style=\"text-align: center;\"><span class=\"boat-staging-text\">France - M\u00e9dit\u00e9rran\u00e9e<\/span><\/p>\n<\/div><\/div><\/div><div id=\"pgc-15-1-3\"  class=\"panel-grid-cell\" ><div id=\"panel-15-1-3-0\" class=\"so-panel widget widget_black-studio-tinymce widget_black_studio_tinymce panel-first-child panel-last-child\" data-index=\"5\" ><div class=\"textwidget\"><p style=\"text-align: right;\"><a href=\"http:\/\/plaisance-consult.com\/index.php\/contact\/\" rel=\"attachment wp-att-174\"><img loading=\"lazy\" decoding=\"async\" class=\"size-full wp-image-174 alignright\" src=\"http:\/\/plaisance-consult.com\/wp-content\/uploads\/2016\/01\/send-2.png\" alt=\"send\" width=\"33\" height=\"32\" \/><\/a><br \/>\n<span class=\"home-contact\">CONTACT<\/span><\/p>\n<\/div><\/div><\/div><\/div><\/div>","protected":false},"excerpt":{"rendered":"<p>\u00a0 [contact-form-7 id=\u00a0\u00bb4&Prime; title=\u00a0\u00bbFormulaire de contact 1&Prime;] HOME (+33) 06.49.40.44.45 France &#8211; M\u00e9dit\u00e9rran\u00e9e CONTACT<\/p>\n","protected":false},"author":1,"featured_media":0,"parent":0,"menu_order":0,"comment_status":"closed","ping_status":"closed","template":"full-width-page.php","meta":{"footnotes":""},"class_list":["post-15","page","type-page","status-publish","hentry"],"_links":{"self":[{"href":"https:\/\/plaisance-consult.com\/index.php\/wp-json\/wp\/v2\/pages\/15","targetHints":{"allow":["GET"]}}],"collection":[{"href":"https:\/\/plaisance-consult.com\/index.php\/wp-json\/wp\/v2\/pages"}],"about":[{"href":"https:\/\/plaisance-consult.com\/index.php\/wp-json\/wp\/v2\/types\/page"}],"author":[{"embeddable":true,"href":"https:\/\/plaisance-consult.com\/index.php\/wp-json\/wp\/v2\/users\/1"}],"replies":[{"embeddable":true,"href":"https:\/\/plaisance-consult.com\/index.php\/wp-json\/wp\/v2\/comments?post=15"}],"version-history":[{"count":31,"href":"https:\/\/plaisance-consult.com\/index.php\/wp-json\/wp\/v2\/pages\/15\/revisions"}],"predecessor-version":[{"id":970,"href":"https:\/\/plaisance-consult.com\/index.php\/wp-json\/wp\/v2\/pages\/15\/revisions\/970"}],"wp:attachment":[{"href":"https:\/\/plaisance-consult.com\/index.php\/wp-json\/wp\/v2\/media?parent=15"}],"curies":[{"name":"wp","href":"https:\/\/api.w.org\/{rel}","templated":true}]}}