{"id":11,"date":"2016-01-29T14:18:53","date_gmt":"2016-01-29T13:18:53","guid":{"rendered":"http:\/\/plaisance-consult.com\/?page_id=11"},"modified":"2019-10-26T08:26:45","modified_gmt":"2019-10-26T07:26:45","slug":"conseil","status":"publish","type":"page","link":"https:\/\/plaisance-consult.com\/index.php\/conseil\/","title":{"rendered":"Conseil"},"content":{"rendered":"<div id=\"pl-11\"  class=\"panel-layout\" ><div id=\"pg-11-0\"  class=\"panel-grid panel-no-style\" ><div id=\"pgc-11-0-0\"  class=\"panel-grid-cell\" ><div id=\"panel-11-0-0-0\" class=\"so-panel widget widget_black-studio-tinymce widget_black_studio_tinymce panel-first-child panel-last-child\" data-index=\"0\" ><div class=\"textwidget\"><p style=\"text-align: center;\"><span class=\"boat-staging-titre\"><span class=\"\" style=\"display:block;clear:both;height: 0px;padding-top: 20px;border-top-width:0px;border-bottom-width:0px;\"><\/span>CONSEIL<\/span><\/p>\n<p style=\"text-align: center;\"><span class=\"texte-photo-bandeau\"><span class=\"noir\">L'expertise pour r\u00e9aliser votre projet nautique professionnel ou particulier<br \/><\/span><\/span><\/p>\n<\/div><\/div><\/div><\/div><div id=\"pg-11-1\"  class=\"panel-grid panel-has-style\" ><div class=\"siteorigin-panels-stretch panel-row-style panel-row-style-for-11-1\" data-stretch-type=\"full\" ><div id=\"pgc-11-1-0\"  class=\"panel-grid-cell\" ><div id=\"panel-11-1-0-0\" class=\"so-panel widget widget_black-studio-tinymce widget_black_studio_tinymce panel-first-child panel-last-child\" data-index=\"1\" ><div class=\"textwidget\"><p><span class=\"\" style=\"display:block;clear:both;height: 0px;padding-top: 400px;border-top-width:0px;border-bottom-width:0px;\"><\/span><\/p>\n<\/div><\/div><\/div><div id=\"pgc-11-1-1\"  class=\"panel-grid-cell\" ><div id=\"panel-11-1-1-0\" class=\"so-panel widget widget_black-studio-tinymce widget_black_studio_tinymce panel-first-child panel-last-child\" data-index=\"2\" ><div class=\"textwidget\"><p style=\"text-align: center;\"><span class=\"texte-photo-bandeau\"><span class=\"\" style=\"display:block;clear:both;height: 0px;padding-top: 50px;border-top-width:0px;border-bottom-width:0px;\"><\/span><\/span><\/p>\n<\/div><\/div><\/div><\/div><\/div><div id=\"pg-11-2\"  class=\"panel-grid panel-has-style\" ><div class=\"siteorigin-panels-stretch panel-row-style panel-row-style-for-11-2\" data-stretch-type=\"full\" ><div id=\"pgc-11-2-0\"  class=\"panel-grid-cell\" ><div id=\"panel-11-2-0-0\" class=\"so-panel widget widget_black-studio-tinymce widget_black_studio_tinymce panel-first-child panel-last-child\" data-index=\"3\" ><div class=\"textwidget\"><p style=\"text-align: center;\"><span class=\"texte-photo\">Skipper professionnel<br \/>\nConstitution d'\u00e9quipage<br \/>\nPrestataires<br \/>\n<\/span><\/p>\n<\/div><\/div><\/div><div id=\"pgc-11-2-1\"  class=\"panel-grid-cell\" ><div id=\"panel-11-2-1-0\" class=\"so-panel widget widget_black-studio-tinymce widget_black_studio_tinymce panel-first-child panel-last-child\" data-index=\"4\" ><div class=\"textwidget\"><p><span class=\"\" style=\"display:block;clear:both;height: 0px;padding-top: 20px;border-top-width:0px;border-bottom-width:0px;\"><\/span><\/p>\n<p><img loading=\"lazy\" decoding=\"async\" class=\"alignnone size-full wp-image-442\" src=\"http:\/\/plaisance-consult.com\/wp-content\/uploads\/2016\/02\/huracok1.jpg\" alt=\"huracok1\" width=\"1200\" height=\"800\" srcset=\"https:\/\/plaisance-consult.com\/wp-content\/uploads\/2016\/02\/huracok1.jpg 1200w, https:\/\/plaisance-consult.com\/wp-content\/uploads\/2016\/02\/huracok1-300x200.jpg 300w, https:\/\/plaisance-consult.com\/wp-content\/uploads\/2016\/02\/huracok1-768x512.jpg 768w, https:\/\/plaisance-consult.com\/wp-content\/uploads\/2016\/02\/huracok1-1024x683.jpg 1024w, https:\/\/plaisance-consult.com\/wp-content\/uploads\/2016\/02\/huracok1-272x182.jpg 272w\" sizes=\"auto, (max-width: 1200px) 100vw, 1200px\" \/><\/p>\n<\/div><\/div><\/div><\/div><\/div><div id=\"pg-11-3\"  class=\"panel-grid panel-has-style\" ><div class=\"siteorigin-panels-stretch panel-row-style panel-row-style-for-11-3\" data-stretch-type=\"full\" ><div id=\"pgc-11-3-0\"  class=\"panel-grid-cell\" ><div id=\"panel-11-3-0-0\" class=\"so-panel widget widget_black-studio-tinymce widget_black_studio_tinymce panel-first-child panel-last-child\" data-index=\"5\" ><div class=\"textwidget\"><p><span class=\"\" style=\"display:block;clear:both;height: 0px;padding-top: 10px;border-top-width:0px;border-bottom-width:0px;\"><\/span><img loading=\"lazy\" decoding=\"async\" class=\"alignnone size-full wp-image-436\" src=\"http:\/\/plaisance-consult.com\/wp-content\/uploads\/2016\/02\/wp.jpg\" alt=\"wp\" width=\"1200\" height=\"800\" srcset=\"https:\/\/plaisance-consult.com\/wp-content\/uploads\/2016\/02\/wp.jpg 1200w, https:\/\/plaisance-consult.com\/wp-content\/uploads\/2016\/02\/wp-300x200.jpg 300w, https:\/\/plaisance-consult.com\/wp-content\/uploads\/2016\/02\/wp-768x512.jpg 768w, https:\/\/plaisance-consult.com\/wp-content\/uploads\/2016\/02\/wp-1024x683.jpg 1024w, https:\/\/plaisance-consult.com\/wp-content\/uploads\/2016\/02\/wp-272x182.jpg 272w\" sizes=\"auto, (max-width: 1200px) 100vw, 1200px\" \/><\/p>\n<\/div><\/div><\/div><div id=\"pgc-11-3-1\"  class=\"panel-grid-cell\" ><div id=\"panel-11-3-1-0\" class=\"so-panel widget widget_black-studio-tinymce widget_black_studio_tinymce panel-first-child panel-last-child\" data-index=\"6\" ><div class=\"textwidget\"><p style=\"text-align: center;\"><span class=\"texte-photo\">Accompagnement achat\/vente<br \/>\nD\u00e9marches administratives<br \/>\nPrise en mains<br \/>\n<\/span><\/p>\n<\/div><\/div><\/div><\/div><\/div><div id=\"pg-11-4\"  class=\"panel-grid panel-has-style\" ><div class=\"siteorigin-panels-stretch panel-row-style panel-row-style-for-11-4\" data-stretch-type=\"full\" ><div id=\"pgc-11-4-0\"  class=\"panel-grid-cell\" ><div id=\"panel-11-4-0-0\" class=\"so-panel widget widget_black-studio-tinymce widget_black_studio_tinymce panel-first-child panel-last-child\" data-index=\"7\" ><div class=\"textwidget\"><p style=\"text-align: center;\"><span class=\"texte-photo\">Assistance technique<br \/>Suivi de chantier<br \/><\/span><\/p>\n<\/div><\/div><\/div><div id=\"pgc-11-4-1\"  class=\"panel-grid-cell\" ><div id=\"panel-11-4-1-0\" class=\"so-panel widget widget_black-studio-tinymce widget_black_studio_tinymce panel-first-child panel-last-child\" data-index=\"8\" ><div class=\"textwidget\"><p><span class=\"\" style=\"display:block;clear:both;height: 0px;padding-top: 20px;border-top-width:0px;border-bottom-width:0px;\"><\/span><\/p>\n<p><img loading=\"lazy\" decoding=\"async\" class=\"alignnone size-full wp-image-453\" src=\"http:\/\/plaisance-consult.com\/wp-content\/uploads\/2016\/02\/poulie.jpg\" alt=\"poulie\" width=\"1200\" height=\"800\" srcset=\"https:\/\/plaisance-consult.com\/wp-content\/uploads\/2016\/02\/poulie.jpg 1200w, https:\/\/plaisance-consult.com\/wp-content\/uploads\/2016\/02\/poulie-300x200.jpg 300w, https:\/\/plaisance-consult.com\/wp-content\/uploads\/2016\/02\/poulie-768x512.jpg 768w, https:\/\/plaisance-consult.com\/wp-content\/uploads\/2016\/02\/poulie-1024x683.jpg 1024w, https:\/\/plaisance-consult.com\/wp-content\/uploads\/2016\/02\/poulie-272x182.jpg 272w\" sizes=\"auto, (max-width: 1200px) 100vw, 1200px\" \/><\/p>\n<\/div><\/div><\/div><\/div><\/div><div id=\"pg-11-5\"  class=\"panel-grid panel-no-style\" ><div id=\"pgc-11-5-0\"  class=\"panel-grid-cell\" ><div id=\"panel-11-5-0-0\" class=\"so-panel widget widget_black-studio-tinymce widget_black_studio_tinymce panel-first-child panel-last-child\" data-index=\"9\" ><div class=\"textwidget\"><p><a href=\"http:\/\/plaisance-consult.com\/\" rel=\"attachment wp-att-176\"><img loading=\"lazy\" decoding=\"async\" class=\"size-full wp-image-176 alignleft\" src=\"http:\/\/plaisance-consult.com\/wp-content\/uploads\/2016\/01\/home-1.png\" alt=\"home\" width=\"33\" height=\"32\" \/><\/a><br \/>\n<span class=\"home-contact\">HOME<br \/>\n<\/span><\/p>\n<\/div><\/div><\/div><div id=\"pgc-11-5-1\"  class=\"panel-grid-cell\" ><div id=\"panel-11-5-1-0\" class=\"so-panel widget widget_black-studio-tinymce widget_black_studio_tinymce panel-first-child panel-last-child\" data-index=\"10\" ><div class=\"textwidget\"><p style=\"text-align: center;\"><span class=\"boat-staging-text\"><span class=\"\" style=\"display:block;clear:both;height: 0px;padding-top: 20px;border-top-width:0px;border-bottom-width:0px;\"><\/span><\/span><\/p>\n<p style=\"text-align: center;\"><span class=\"boat-staging-text\">(+33) 06.49.40.44.45<\/span><\/p>\n<\/div><\/div><\/div><div id=\"pgc-11-5-2\"  class=\"panel-grid-cell\" ><div id=\"panel-11-5-2-0\" class=\"so-panel widget widget_black-studio-tinymce widget_black_studio_tinymce panel-first-child panel-last-child\" data-index=\"11\" ><div class=\"textwidget\"><p style=\"text-align: center;\"><span class=\"boat-staging-text\"><span class=\"\" style=\"display:block;clear:both;height: 0px;padding-top: 20px;border-top-width:0px;border-bottom-width:0px;\"><\/span><\/span><\/p>\n<p style=\"text-align: center;\"><span class=\"boat-staging-text\">France - M\u00e9dit\u00e9rran\u00e9e<\/span><\/p>\n<\/div><\/div><\/div><div id=\"pgc-11-5-3\"  class=\"panel-grid-cell\" ><div id=\"panel-11-5-3-0\" class=\"so-panel widget widget_black-studio-tinymce widget_black_studio_tinymce panel-first-child panel-last-child\" data-index=\"12\" ><div class=\"textwidget\"><p style=\"text-align: right;\"><a href=\"http:\/\/plaisance-consult.com\/index.php\/contact\/\" rel=\"attachment wp-att-174\"><img loading=\"lazy\" decoding=\"async\" class=\"size-full wp-image-174 alignright\" src=\"http:\/\/plaisance-consult.com\/wp-content\/uploads\/2016\/01\/send-2.png\" alt=\"send\" width=\"33\" height=\"32\" \/><\/a><br \/>\n<span class=\"home-contact\">CONTACT<\/span><\/p>\n<\/div><\/div><\/div><\/div><\/div>","protected":false},"excerpt":{"rendered":"<p>CONSEILL&rsquo;expertise pour r\u00e9aliser votre projet nautique professionnel ou particulier<\/p>\n","protected":false},"author":1,"featured_media":0,"parent":0,"menu_order":0,"comment_status":"closed","ping_status":"closed","template":"full-width-page.php","meta":{"footnotes":""},"class_list":["post-11","page","type-page","status-publish","hentry"],"_links":{"self":[{"href":"https:\/\/plaisance-consult.com\/index.php\/wp-json\/wp\/v2\/pages\/11","targetHints":{"allow":["GET"]}}],"collection":[{"href":"https:\/\/plaisance-consult.com\/index.php\/wp-json\/wp\/v2\/pages"}],"about":[{"href":"https:\/\/plaisance-consult.com\/index.php\/wp-json\/wp\/v2\/types\/page"}],"author":[{"embeddable":true,"href":"https:\/\/plaisance-consult.com\/index.php\/wp-json\/wp\/v2\/users\/1"}],"replies":[{"embeddable":true,"href":"https:\/\/plaisance-consult.com\/index.php\/wp-json\/wp\/v2\/comments?post=11"}],"version-history":[{"count":95,"href":"https:\/\/plaisance-consult.com\/index.php\/wp-json\/wp\/v2\/pages\/11\/revisions"}],"predecessor-version":[{"id":904,"href":"https:\/\/plaisance-consult.com\/index.php\/wp-json\/wp\/v2\/pages\/11\/revisions\/904"}],"wp:attachment":[{"href":"https:\/\/plaisance-consult.com\/index.php\/wp-json\/wp\/v2\/media?parent=11"}],"curies":[{"name":"wp","href":"https:\/\/api.w.org\/{rel}","templated":true}]}}